{"id":2918,"date":"2023-06-14T09:47:20","date_gmt":"2023-06-14T09:47:20","guid":{"rendered":"https:\/\/calamonica.es\/ca-la-monica\/"},"modified":"2023-07-27T08:40:16","modified_gmt":"2023-07-27T08:40:16","slug":"ca-la-monica","status":"publish","type":"page","link":"https:\/\/calamonica.es\/es\/ca-la-monica\/","title":{"rendered":"Ca la Monica"},"content":{"rendered":"<p><div class=\"fusion-fullwidth fullwidth-box fusion-builder-row-1 fusion-flex-container has-pattern-background has-mask-background hundred-percent-fullwidth non-hundred-percent-height-scrolling\" style=\"--awb-border-radius-top-left:0px;--awb-border-radius-top-right:0px;--awb-border-radius-bottom-right:0px;--awb-border-radius-bottom-left:0px;--awb-padding-top:0px;--awb-padding-right:0px;--awb-padding-bottom:0px;--awb-padding-left:0px;--awb-margin-top:0px;--awb-margin-bottom:0px;\" ><div class=\"fusion-builder-row fusion-row fusion-flex-align-items-flex-start\" style=\"width:104% !important;max-width:104% !important;margin-left: calc(-4% \/ 2 );margin-right: calc(-4% \/ 2 );\"><div class=\"fusion-layout-column fusion_builder_column fusion-builder-column-0 fusion_builder_column_1_1 1_1 fusion-flex-column fusion-flex-align-self-stretch\" style=\"--awb-overflow:hidden;--awb-bg-size:cover;--awb-border-radius:12px 12px 12px 12px;--awb-width-large:100%;--awb-margin-top-large:0px;--awb-spacing-right-large:0px;--awb-margin-bottom-large:0px;--awb-spacing-left-large:0px;--awb-width-medium:100%;--awb-order-medium:0;--awb-spacing-right-medium:0px;--awb-spacing-left-medium:0px;--awb-width-small:100%;--awb-order-small:0;--awb-spacing-right-small:1.92%;--awb-spacing-left-small:1.92%;\" data-motion-effects=\"[{&quot;type&quot;:&quot;&quot;,&quot;scroll_type&quot;:&quot;transition&quot;,&quot;scroll_direction&quot;:&quot;up&quot;,&quot;transition_speed&quot;:&quot;1&quot;,&quot;fade_type&quot;:&quot;in&quot;,&quot;scale_type&quot;:&quot;up&quot;,&quot;initial_scale&quot;:&quot;1&quot;,&quot;max_scale&quot;:&quot;1.5&quot;,&quot;min_scale&quot;:&quot;0.5&quot;,&quot;initial_rotate&quot;:&quot;0&quot;,&quot;end_rotate&quot;:&quot;30&quot;,&quot;initial_blur&quot;:&quot;0&quot;,&quot;end_blur&quot;:&quot;3&quot;,&quot;start_element&quot;:&quot;top&quot;,&quot;start_viewport&quot;:&quot;bottom&quot;,&quot;end_element&quot;:&quot;bottom&quot;,&quot;end_viewport&quot;:&quot;top&quot;,&quot;mouse_effect&quot;:&quot;track&quot;,&quot;mouse_effect_direction&quot;:&quot;opposite&quot;,&quot;mouse_effect_speed&quot;:&quot;2&quot;,&quot;infinite_animation&quot;:&quot;float&quot;,&quot;infinite_animation_speed&quot;:&quot;2&quot;}]\" data-scroll-devices=\"small-visibility,medium-visibility,large-visibility\"><div class=\"fusion-column-wrapper fusion-column-has-shadow fusion-flex-justify-content-flex-end fusion-content-layout-column\">\t\t\t\t<\/div><\/div><\/div><\/div><div class=\"fusion-fullwidth fullwidth-box fusion-builder-row-2 fusion-flex-container has-pattern-background has-mask-background nonhundred-percent-fullwidth non-hundred-percent-height-scrolling fusion-no-small-visibility fusion-no-medium-visibility\" style=\"--awb-border-radius-top-left:0px;--awb-border-radius-top-right:0px;--awb-border-radius-bottom-right:0px;--awb-border-radius-bottom-left:0px;--awb-background-color:var(--awb-custom_color_2);\" ><div class=\"fusion-builder-row fusion-row fusion-flex-align-items-flex-start\" style=\"max-width:1414.4px;margin-left: calc(-4% \/ 2 );margin-right: calc(-4% \/ 2 );\"><div class=\"fusion-layout-column fusion_builder_column fusion-builder-column-1 fusion_builder_column_1_1 1_1 fusion-flex-column\" style=\"--awb-bg-size:cover;--awb-width-large:100%;--awb-margin-top-large:0px;--awb-spacing-right-large:1.92%;--awb-margin-bottom-large:0px;--awb-spacing-left-large:1.92%;--awb-width-medium:100%;--awb-order-medium:0;--awb-spacing-right-medium:1.92%;--awb-spacing-left-medium:1.92%;--awb-width-small:100%;--awb-order-small:0;--awb-spacing-right-small:1.92%;--awb-spacing-left-small:1.92%;\"><div class=\"fusion-column-wrapper fusion-column-has-shadow fusion-flex-justify-content-flex-start fusion-content-layout-column\"><div class=\"fusion-section-separator section-separator hills fusion-section-separator-1\" style=\"--awb-spacer-padding-top:inherit;--awb-svg-margin-left:1.92%;--awb-svg-margin-right:1.92%;--awb-svg-margin-left-medium:1.92%;--awb-svg-margin-right-medium:1.92%;--awb-svg-margin-left-small:1.92%;--awb-svg-margin-right-small:1.92%;--awb-divider-height:50px;--awb-spacer-height:50px;--awb-sep-font-size:0;--awb-sep-line-height:0;--awb-margin-top:-50px;\"><div class=\"fusion-section-separator-svg\"><svg class=\"fusion-hills-candy\" fill=\"var(--awb-custom_color_2)\" xmlns=\"http:\/\/www.w3.org\/2000\/svg\" version=\"1.1\" width=\"100%\" viewBox=\"0 74 1024 107\" preserveAspectRatio=\"none\" fill=\"rgba(0,0,0,1)\"><path class=\"st4\" d=\"M0 182.086h1024v-77.312c-49.05 20.07-120.525 42.394-193.229 42.086-128.922-.512-159.846-72.294-255.795-72.294-89.088 0-134.656 80.179-245.043 82.022S169.063 99.346 49.971 97.401C32.768 97.094 16.077 99.244 0 103.135v78.951z\"\/><\/svg><\/div><div class=\"fusion-section-separator-spacer\"><div class=\"fusion-section-separator-spacer-height\"><\/div><\/div><\/div><\/div><\/div><\/div><\/div><div class=\"fusion-fullwidth fullwidth-box fusion-builder-row-3 fusion-flex-container has-pattern-background has-mask-background nonhundred-percent-fullwidth non-hundred-percent-height-scrolling\" style=\"--awb-border-radius-top-left:0px;--awb-border-radius-top-right:0px;--awb-border-radius-bottom-right:0px;--awb-border-radius-bottom-left:0px;--awb-padding-top:140px;--awb-padding-bottom:90px;--awb-background-color:var(--awb-custom_color_2);\" ><div class=\"fusion-builder-row fusion-row fusion-flex-align-items-center fusion-flex-justify-content-center\" style=\"max-width:1414.4px;margin-left: calc(-4% \/ 2 );margin-right: calc(-4% \/ 2 );\"><div class=\"fusion-layout-column fusion_builder_column fusion-builder-column-2 fusion_builder_column_1_1 1_1 fusion-flex-column fusion-animated\" style=\"--awb-bg-size:cover;--awb-width-large:100%;--awb-margin-top-large:0px;--awb-spacing-right-large:1.92%;--awb-margin-bottom-large:10px;--awb-spacing-left-large:1.92%;--awb-width-medium:100%;--awb-order-medium:0;--awb-spacing-right-medium:1.92%;--awb-spacing-left-medium:1.92%;--awb-width-small:100%;--awb-order-small:0;--awb-spacing-right-small:1.92%;--awb-spacing-left-small:1.92%;\" data-animationType=\"fadeInUp\" data-animationDuration=\"0.5\" data-animationOffset=\"top-into-view\" data-motion-effects=\"[{&quot;type&quot;:&quot;&quot;,&quot;scroll_type&quot;:&quot;transition&quot;,&quot;scroll_direction&quot;:&quot;up&quot;,&quot;transition_speed&quot;:&quot;1&quot;,&quot;fade_type&quot;:&quot;in&quot;,&quot;scale_type&quot;:&quot;up&quot;,&quot;initial_scale&quot;:&quot;1&quot;,&quot;max_scale&quot;:&quot;1.5&quot;,&quot;min_scale&quot;:&quot;0.5&quot;,&quot;initial_rotate&quot;:&quot;0&quot;,&quot;end_rotate&quot;:&quot;30&quot;,&quot;initial_blur&quot;:&quot;0&quot;,&quot;end_blur&quot;:&quot;3&quot;,&quot;start_element&quot;:&quot;top&quot;,&quot;start_viewport&quot;:&quot;bottom&quot;,&quot;end_element&quot;:&quot;bottom&quot;,&quot;end_viewport&quot;:&quot;top&quot;,&quot;mouse_effect&quot;:&quot;track&quot;,&quot;mouse_effect_direction&quot;:&quot;opposite&quot;,&quot;mouse_effect_speed&quot;:&quot;2&quot;,&quot;infinite_animation&quot;:&quot;float&quot;,&quot;infinite_animation_speed&quot;:&quot;2&quot;}]\" data-scroll-devices=\"small-visibility,medium-visibility,large-visibility\"><div class=\"fusion-column-wrapper fusion-column-has-shadow fusion-flex-justify-content-flex-start fusion-content-layout-column\"><div class=\"fusion-title title fusion-title-1 fusion-sep-none fusion-title-center fusion-title-text fusion-title-size-two\" style=\"--awb-text-color:var(--awb-color1);--awb-margin-bottom:3%;--awb-font-size:42px;\"><h2 class=\"title-heading-center\" style=\"margin:0;font-size:1em;\">CA LA <strong>MONICA<\/strong><\/h2><\/div><div class=\"fusion-title title fusion-title-2 fusion-sep-none fusion-title-center fusion-title-text fusion-title-size-three\" style=\"--awb-text-color:rgba(255,255,255,0.1);--awb-margin-top:-130px;--awb-margin-bottom:40px;--awb-margin-top-small:-100px;--awb-font-size:90px;\"><h3 class=\"title-heading-center\" style=\"margin:0;font-size:1em;\"><em>CA LA MONICA<\/em><\/h3><\/div><\/div><\/div><div class=\"fusion-layout-column fusion_builder_column fusion-builder-column-3 fusion_builder_column_4_5 4_5 fusion-flex-column\" style=\"--awb-bg-size:cover;--awb-width-large:80%;--awb-margin-top-large:0px;--awb-spacing-right-large:2.4%;--awb-margin-bottom-large:20px;--awb-spacing-left-large:2.4%;--awb-width-medium:80%;--awb-order-medium:0;--awb-spacing-right-medium:2.4%;--awb-spacing-left-medium:2.4%;--awb-width-small:100%;--awb-order-small:0;--awb-spacing-right-small:1.92%;--awb-spacing-left-small:1.92%;\"><div class=\"fusion-column-wrapper fusion-column-has-shadow fusion-flex-justify-content-flex-start fusion-content-layout-column\"><div class=\"fusion-text fusion-text-1 fusion-text-no-margin\" style=\"--awb-content-alignment:center;--awb-text-color:var(--awb-color1);--awb-margin-bottom:0px;\"><p><b>Ca la Monica<\/b> tiene una rica <b>historia<\/b> que se remonta a varios siglos atr\u00e1s. Esta encantadora casa rural es un testimonio silencioso del pasado y ha presenciado la evoluci\u00f3n del pueblo de <b>Camarasa<\/b> a lo largo de los a\u00f1os.<\/p>\n<p>Originalmente, Ca la Monica fue construida como vivienda tradicional para las familias locales. Durante generaciones, ha acogido y dado albergue a las personas que han llamado a Camarasa su hogar. A medida que pasaba el tiempo, la casa se convirti\u00f3 en un punto de encuentro para familiares y amigos, un lugar donde se compart\u00edan momentos especiales y se conservaban las tradiciones locales.<\/p>\n<p>Con el paso del tiempo, Ca la Monica fue <b>restaurada y adaptada<\/b> para ofrecer una estancia c\u00f3moda y acogedora a los visitantes. Sin embargo, se ha preservado el <b>encanto<\/b> y la <b>esencia<\/b> de la arquitectura tradicional de la zona, con elementos arquitect\u00f3nicos y detalles aut\u00e9nticos que reflejan el pasado de la casa.<\/p>\n<p>Hoy en d\u00eda, Ca la Monica sigue siendo un <b>lugar acogedor<\/b> donde los hu\u00e9spedes pueden experimentar la riqueza cultural y natural de la regi\u00f3n. La casa representa una fusi\u00f3n de tradici\u00f3n y comodidad moderna, ofreciendo una estancia memorable a sus visitantes.<\/p>\n<p>La historia de Ca la Monica es una parte integral de la historia de Camarasa. A medida que caminas por sus muros de piedra y disfrutas de su encanto, podr\u00e1s imaginar las <b>historias<\/b> y <b>vivencias<\/b> que han pasado por esta casa a lo largo de los a\u00f1os. Es un recordatorio tangible de la riqueza hist\u00f3rica y cultural de esta regi\u00f3n, y te invita a formar parte de esta historia mientras disfrutas de tu estancia en Ca la Monica.<\/p>\n<\/div><div style=\"text-align:center;\"><a class=\"fusion-button button-flat fusion-button-default-size button-custom fusion-button-default button-1 fusion-button-default-span fusion-button-default-type\" style=\"--button_accent_color:var(--awb-color1);--button_accent_hover_color:var(--awb-custom_color_2);--button_border_hover_color:var(--awb-color1);--button_border_width-top:2px;--button_border_width-right:2px;--button_border_width-bottom:2px;--button_border_width-left:2px;--button_gradient_top_color:rgba(0,0,0,0);--button_gradient_bottom_color:rgba(0,0,0,0);--button_gradient_top_color_hover:var(--awb-color1);--button_gradient_bottom_color_hover:var(--awb-color1);--button_margin-top:30px;\" target=\"_self\" href=\"https:\/\/calamonica.es\/es\/alojamiento\/\"><span class=\"fusion-button-text\">Ver alojamiento<\/span><\/a><\/div><\/div><\/div><\/div><\/div><\/p>\n","protected":false},"excerpt":{"rendered":"","protected":false},"author":1,"featured_media":0,"parent":0,"menu_order":0,"comment_status":"closed","ping_status":"closed","template":"100-width.php","meta":{"footnotes":""},"class_list":["post-2918","page","type-page","status-publish","hentry"],"yoast_head":"<!-- This site is optimized with the Yoast SEO plugin v20.10 - https:\/\/yoast.com\/wordpress\/plugins\/seo\/ -->\n<title>Ca la Monica - Ca la Monica<\/title>\n<meta name=\"robots\" content=\"index, follow, max-snippet:-1, max-image-preview:large, max-video-preview:-1\" \/>\n<link rel=\"canonical\" href=\"https:\/\/calamonica.es\/es\/ca-la-monica\/\" \/>\n<meta property=\"og:locale\" content=\"es_ES\" \/>\n<meta property=\"og:type\" content=\"article\" \/>\n<meta property=\"og:title\" content=\"Ca la Monica - Ca la Monica\" \/>\n<meta property=\"og:url\" content=\"https:\/\/calamonica.es\/es\/ca-la-monica\/\" \/>\n<meta property=\"og:site_name\" content=\"Ca la Monica\" \/>\n<meta property=\"article:modified_time\" content=\"2023-07-27T08:40:16+00:00\" \/>\n<meta name=\"twitter:card\" content=\"summary_large_image\" \/>\n<meta name=\"twitter:label1\" content=\"Tiempo de lectura\" \/>\n\t<meta name=\"twitter:data1\" content=\"12 minutos\" \/>\n<script type=\"application\/ld+json\" class=\"yoast-schema-graph\">{\"@context\":\"https:\/\/schema.org\",\"@graph\":[{\"@type\":\"WebPage\",\"@id\":\"https:\/\/calamonica.es\/es\/ca-la-monica\/\",\"url\":\"https:\/\/calamonica.es\/es\/ca-la-monica\/\",\"name\":\"Ca la Monica - Ca la Monica\",\"isPartOf\":{\"@id\":\"https:\/\/calamonica.es\/#website\"},\"datePublished\":\"2023-06-14T09:47:20+00:00\",\"dateModified\":\"2023-07-27T08:40:16+00:00\",\"breadcrumb\":{\"@id\":\"https:\/\/calamonica.es\/es\/ca-la-monica\/#breadcrumb\"},\"inLanguage\":\"es\",\"potentialAction\":[{\"@type\":\"ReadAction\",\"target\":[\"https:\/\/calamonica.es\/es\/ca-la-monica\/\"]}]},{\"@type\":\"BreadcrumbList\",\"@id\":\"https:\/\/calamonica.es\/es\/ca-la-monica\/#breadcrumb\",\"itemListElement\":[{\"@type\":\"ListItem\",\"position\":1,\"name\":\"Portada\",\"item\":\"https:\/\/calamonica.es\/es\/\"},{\"@type\":\"ListItem\",\"position\":2,\"name\":\"Ca la Monica\"}]},{\"@type\":\"WebSite\",\"@id\":\"https:\/\/calamonica.es\/#website\",\"url\":\"https:\/\/calamonica.es\/\",\"name\":\"Ca la Monica\",\"description\":\"Relax i tranquilitat\",\"potentialAction\":[{\"@type\":\"SearchAction\",\"target\":{\"@type\":\"EntryPoint\",\"urlTemplate\":\"https:\/\/calamonica.es\/?s={search_term_string}\"},\"query-input\":\"required name=search_term_string\"}],\"inLanguage\":\"es\"}]}<\/script>\n<!-- \/ Yoast SEO plugin. -->","yoast_head_json":{"title":"Ca la Monica - Ca la Monica","robots":{"index":"index","follow":"follow","max-snippet":"max-snippet:-1","max-image-preview":"max-image-preview:large","max-video-preview":"max-video-preview:-1"},"canonical":"https:\/\/calamonica.es\/es\/ca-la-monica\/","og_locale":"es_ES","og_type":"article","og_title":"Ca la Monica - Ca la Monica","og_url":"https:\/\/calamonica.es\/es\/ca-la-monica\/","og_site_name":"Ca la Monica","article_modified_time":"2023-07-27T08:40:16+00:00","twitter_card":"summary_large_image","twitter_misc":{"Tiempo de lectura":"12 minutos"},"schema":{"@context":"https:\/\/schema.org","@graph":[{"@type":"WebPage","@id":"https:\/\/calamonica.es\/es\/ca-la-monica\/","url":"https:\/\/calamonica.es\/es\/ca-la-monica\/","name":"Ca la Monica - Ca la Monica","isPartOf":{"@id":"https:\/\/calamonica.es\/#website"},"datePublished":"2023-06-14T09:47:20+00:00","dateModified":"2023-07-27T08:40:16+00:00","breadcrumb":{"@id":"https:\/\/calamonica.es\/es\/ca-la-monica\/#breadcrumb"},"inLanguage":"es","potentialAction":[{"@type":"ReadAction","target":["https:\/\/calamonica.es\/es\/ca-la-monica\/"]}]},{"@type":"BreadcrumbList","@id":"https:\/\/calamonica.es\/es\/ca-la-monica\/#breadcrumb","itemListElement":[{"@type":"ListItem","position":1,"name":"Portada","item":"https:\/\/calamonica.es\/es\/"},{"@type":"ListItem","position":2,"name":"Ca la Monica"}]},{"@type":"WebSite","@id":"https:\/\/calamonica.es\/#website","url":"https:\/\/calamonica.es\/","name":"Ca la Monica","description":"Relax i tranquilitat","potentialAction":[{"@type":"SearchAction","target":{"@type":"EntryPoint","urlTemplate":"https:\/\/calamonica.es\/?s={search_term_string}"},"query-input":"required name=search_term_string"}],"inLanguage":"es"}]}},"_links":{"self":[{"href":"https:\/\/calamonica.es\/es\/wp-json\/wp\/v2\/pages\/2918","targetHints":{"allow":["GET"]}}],"collection":[{"href":"https:\/\/calamonica.es\/es\/wp-json\/wp\/v2\/pages"}],"about":[{"href":"https:\/\/calamonica.es\/es\/wp-json\/wp\/v2\/types\/page"}],"author":[{"embeddable":true,"href":"https:\/\/calamonica.es\/es\/wp-json\/wp\/v2\/users\/1"}],"replies":[{"embeddable":true,"href":"https:\/\/calamonica.es\/es\/wp-json\/wp\/v2\/comments?post=2918"}],"version-history":[{"count":12,"href":"https:\/\/calamonica.es\/es\/wp-json\/wp\/v2\/pages\/2918\/revisions"}],"predecessor-version":[{"id":3388,"href":"https:\/\/calamonica.es\/es\/wp-json\/wp\/v2\/pages\/2918\/revisions\/3388"}],"wp:attachment":[{"href":"https:\/\/calamonica.es\/es\/wp-json\/wp\/v2\/media?parent=2918"}],"curies":[{"name":"wp","href":"https:\/\/api.w.org\/{rel}","templated":true}]}}